{"id":576,"date":"2018-05-12T19:41:22","date_gmt":"2018-05-12T17:41:22","guid":{"rendered":"https:\/\/www.nomismusic.ch\/kontakt\/"},"modified":"2023-11-07T17:05:41","modified_gmt":"2023-11-07T16:05:41","slug":"contact","status":"publish","type":"page","link":"https:\/\/www.nomismusic.ch\/en\/contact\/","title":{"rendered":"Contact"},"content":{"rendered":"<p><strong>nomis music GmbH<\/strong><br \/>\nSimon Bischof Izsak<br \/>\nSpalentorweg 19<br \/>\nCH-4051 Basel<br \/>\n<a href=\"https:\/\/goo.gl\/maps\/RoHy6BcqBj8zibTc8\" target=\"_blank\" rel=\"noopener noreferrer\">View in Google Maps<\/a><\/p>\n<p>Mobile: +41 79 329 83 56<\/p>\n<p><img loading=\"lazy\" decoding=\"async\" class=\"alignnone wp-image-403 size-full\" src=\"https:\/\/www.nomismusic.ch\/wp-content\/uploads\/2020\/04\/facetime.svg\" alt=\"\" width=\"20\" height=\"20\" \/> <a href=\"facetime:\/\/ 41793298356\">FaceTime Call<\/a><br \/>\n<img loading=\"lazy\" decoding=\"async\" class=\"alignnone size-full wp-image-394\" src=\"https:\/\/www.nomismusic.ch\/wp-content\/uploads\/2020\/04\/skype.svg\" alt=\"\" width=\"20\" height=\"20\" \/> <a href=\"skype:live:.cid.e8868dd17842ac36?call\">Skype Call<\/a><br \/>\n<img loading=\"lazy\" decoding=\"async\" class=\"alignnone wp-image-404 size-full\" src=\"https:\/\/www.nomismusic.ch\/wp-content\/uploads\/2020\/04\/whatsapp-2.svg\" alt=\"\" width=\"20\" height=\"20\" \/>\u00a0<a href=\"https:\/\/api.whatsapp.com\/send?phone=41793298356\">WhatsApp Call<\/a><\/p>\n<p>E-Mail: <a href=\"javascript:secureDecryptAndNavigate('RCnhnVwWL+8lpKXzN7XrQrdbKNR0Weeb2SuMPoMVv2+asVxTwVdXaYir20+Qvqsq4\/ZFZ36rXAnb16+1SAyQflaW62AV4Dv4Sf\/H0Q8=', 'd78b5615c2e34e704d030effeaea9fbc23e795875862ae5101fc2b4f6bdea049')\">nomis.music(at)hispeed.ch<\/a><\/p>\n","protected":false},"excerpt":{"rendered":"<p>nomis music GmbH Simon Bischof Izsak Spalentorweg 19 CH-4051 Basel View in Google Maps Mobile: +41 79 329 83 56 FaceTime Call Skype Call \u00a0WhatsApp Call E-Mail: nomis.music(at)hispeed.ch<\/p>\n","protected":false},"author":1,"featured_media":0,"parent":0,"menu_order":6,"comment_status":"closed","ping_status":"closed","template":"page-kontakt.php","meta":{"_acf_changed":false,"footnotes":""},"class_list":["post-576","page","type-page","status-publish","hentry"],"acf":[],"yoast_head":"<!-- This site is optimized with the Yoast SEO plugin v27.5 - https:\/\/yoast.com\/product\/yoast-seo-wordpress\/ -->\n<title>Contact | nomis music<\/title>\n<meta name=\"description\" content=\"Kontaktieren Sie mich f\u00fcr eine unverbindliche, kostenlose Probelektion, f\u00fcr Klaviernoten oder f\u00fcr eine Beratung beim Kauf eines Klaviers.\" \/>\n<meta name=\"robots\" content=\"index, follow, max-snippet:-1, max-image-preview:large, max-video-preview:-1\" \/>\n<link rel=\"canonical\" href=\"https:\/\/www.nomismusic.ch\/en\/contact\/\" \/>\n<meta property=\"og:locale\" content=\"en_US\" \/>\n<meta property=\"og:type\" content=\"article\" \/>\n<meta property=\"og:title\" content=\"Contact | nomis music\" \/>\n<meta property=\"og:description\" content=\"Kontaktieren Sie mich f\u00fcr eine unverbindliche, kostenlose Probelektion, f\u00fcr Klaviernoten oder f\u00fcr eine Beratung beim Kauf eines Klaviers.\" \/>\n<meta property=\"og:url\" content=\"https:\/\/www.nomismusic.ch\/en\/contact\/\" \/>\n<meta property=\"og:site_name\" content=\"nomis music\" \/>\n<meta property=\"article:modified_time\" content=\"2023-11-07T16:05:41+00:00\" \/>\n<meta property=\"og:image\" content=\"https:\/\/www.nomismusic.ch\/wp-content\/uploads\/2020\/04\/facetime.svg\" \/>\n<meta name=\"twitter:card\" content=\"summary_large_image\" \/>\n<meta name=\"twitter:label1\" content=\"Est. reading time\" \/>\n\t<meta name=\"twitter:data1\" content=\"1 minute\" \/>\n<script type=\"application\/ld+json\" class=\"yoast-schema-graph\">{\"@context\":\"https:\\\/\\\/schema.org\",\"@graph\":[{\"@type\":\"WebPage\",\"@id\":\"https:\\\/\\\/www.nomismusic.ch\\\/en\\\/contact\\\/\",\"url\":\"https:\\\/\\\/www.nomismusic.ch\\\/en\\\/contact\\\/\",\"name\":\"Contact | nomis music\",\"isPartOf\":{\"@id\":\"https:\\\/\\\/www.nomismusic.ch\\\/en\\\/#website\"},\"primaryImageOfPage\":{\"@id\":\"https:\\\/\\\/www.nomismusic.ch\\\/en\\\/contact\\\/#primaryimage\"},\"image\":{\"@id\":\"https:\\\/\\\/www.nomismusic.ch\\\/en\\\/contact\\\/#primaryimage\"},\"thumbnailUrl\":\"https:\\\/\\\/www.nomismusic.ch\\\/wp-content\\\/uploads\\\/2020\\\/04\\\/facetime.svg\",\"datePublished\":\"2018-05-12T17:41:22+00:00\",\"dateModified\":\"2023-11-07T16:05:41+00:00\",\"description\":\"Kontaktieren Sie mich f\u00fcr eine unverbindliche, kostenlose Probelektion, f\u00fcr Klaviernoten oder f\u00fcr eine Beratung beim Kauf eines Klaviers.\",\"breadcrumb\":{\"@id\":\"https:\\\/\\\/www.nomismusic.ch\\\/en\\\/contact\\\/#breadcrumb\"},\"inLanguage\":\"en-US\",\"potentialAction\":[{\"@type\":\"ReadAction\",\"target\":[\"https:\\\/\\\/www.nomismusic.ch\\\/en\\\/contact\\\/\"]}]},{\"@type\":\"ImageObject\",\"inLanguage\":\"en-US\",\"@id\":\"https:\\\/\\\/www.nomismusic.ch\\\/en\\\/contact\\\/#primaryimage\",\"url\":\"https:\\\/\\\/www.nomismusic.ch\\\/wp-content\\\/uploads\\\/2020\\\/04\\\/facetime.svg\",\"contentUrl\":\"https:\\\/\\\/www.nomismusic.ch\\\/wp-content\\\/uploads\\\/2020\\\/04\\\/facetime.svg\"},{\"@type\":\"BreadcrumbList\",\"@id\":\"https:\\\/\\\/www.nomismusic.ch\\\/en\\\/contact\\\/#breadcrumb\",\"itemListElement\":[{\"@type\":\"ListItem\",\"position\":1,\"name\":\"Startseite\",\"item\":\"https:\\\/\\\/www.nomismusic.ch\\\/en\\\/\"},{\"@type\":\"ListItem\",\"position\":2,\"name\":\"Contact\"}]},{\"@type\":\"WebSite\",\"@id\":\"https:\\\/\\\/www.nomismusic.ch\\\/en\\\/#website\",\"url\":\"https:\\\/\\\/www.nomismusic.ch\\\/en\\\/\",\"name\":\"nomis music\",\"description\":\"Simon Bischof Basel\",\"potentialAction\":[{\"@type\":\"SearchAction\",\"target\":{\"@type\":\"EntryPoint\",\"urlTemplate\":\"https:\\\/\\\/www.nomismusic.ch\\\/en\\\/?s={search_term_string}\"},\"query-input\":{\"@type\":\"PropertyValueSpecification\",\"valueRequired\":true,\"valueName\":\"search_term_string\"}}],\"inLanguage\":\"en-US\"}]}<\/script>\n<!-- \/ Yoast SEO plugin. -->","yoast_head_json":{"title":"Contact | nomis music","description":"Kontaktieren Sie mich f\u00fcr eine unverbindliche, kostenlose Probelektion, f\u00fcr Klaviernoten oder f\u00fcr eine Beratung beim Kauf eines Klaviers.","robots":{"index":"index","follow":"follow","max-snippet":"max-snippet:-1","max-image-preview":"max-image-preview:large","max-video-preview":"max-video-preview:-1"},"canonical":"https:\/\/www.nomismusic.ch\/en\/contact\/","og_locale":"en_US","og_type":"article","og_title":"Contact | nomis music","og_description":"Kontaktieren Sie mich f\u00fcr eine unverbindliche, kostenlose Probelektion, f\u00fcr Klaviernoten oder f\u00fcr eine Beratung beim Kauf eines Klaviers.","og_url":"https:\/\/www.nomismusic.ch\/en\/contact\/","og_site_name":"nomis music","article_modified_time":"2023-11-07T16:05:41+00:00","og_image":[{"url":"https:\/\/www.nomismusic.ch\/wp-content\/uploads\/2020\/04\/facetime.svg","type":"","width":"","height":""}],"twitter_card":"summary_large_image","twitter_misc":{"Est. reading time":"1 minute"},"schema":{"@context":"https:\/\/schema.org","@graph":[{"@type":"WebPage","@id":"https:\/\/www.nomismusic.ch\/en\/contact\/","url":"https:\/\/www.nomismusic.ch\/en\/contact\/","name":"Contact | nomis music","isPartOf":{"@id":"https:\/\/www.nomismusic.ch\/en\/#website"},"primaryImageOfPage":{"@id":"https:\/\/www.nomismusic.ch\/en\/contact\/#primaryimage"},"image":{"@id":"https:\/\/www.nomismusic.ch\/en\/contact\/#primaryimage"},"thumbnailUrl":"https:\/\/www.nomismusic.ch\/wp-content\/uploads\/2020\/04\/facetime.svg","datePublished":"2018-05-12T17:41:22+00:00","dateModified":"2023-11-07T16:05:41+00:00","description":"Kontaktieren Sie mich f\u00fcr eine unverbindliche, kostenlose Probelektion, f\u00fcr Klaviernoten oder f\u00fcr eine Beratung beim Kauf eines Klaviers.","breadcrumb":{"@id":"https:\/\/www.nomismusic.ch\/en\/contact\/#breadcrumb"},"inLanguage":"en-US","potentialAction":[{"@type":"ReadAction","target":["https:\/\/www.nomismusic.ch\/en\/contact\/"]}]},{"@type":"ImageObject","inLanguage":"en-US","@id":"https:\/\/www.nomismusic.ch\/en\/contact\/#primaryimage","url":"https:\/\/www.nomismusic.ch\/wp-content\/uploads\/2020\/04\/facetime.svg","contentUrl":"https:\/\/www.nomismusic.ch\/wp-content\/uploads\/2020\/04\/facetime.svg"},{"@type":"BreadcrumbList","@id":"https:\/\/www.nomismusic.ch\/en\/contact\/#breadcrumb","itemListElement":[{"@type":"ListItem","position":1,"name":"Startseite","item":"https:\/\/www.nomismusic.ch\/en\/"},{"@type":"ListItem","position":2,"name":"Contact"}]},{"@type":"WebSite","@id":"https:\/\/www.nomismusic.ch\/en\/#website","url":"https:\/\/www.nomismusic.ch\/en\/","name":"nomis music","description":"Simon Bischof Basel","potentialAction":[{"@type":"SearchAction","target":{"@type":"EntryPoint","urlTemplate":"https:\/\/www.nomismusic.ch\/en\/?s={search_term_string}"},"query-input":{"@type":"PropertyValueSpecification","valueRequired":true,"valueName":"search_term_string"}}],"inLanguage":"en-US"}]}},"_links":{"self":[{"href":"https:\/\/www.nomismusic.ch\/en\/wp-json\/wp\/v2\/pages\/576","targetHints":{"allow":["GET"]}}],"collection":[{"href":"https:\/\/www.nomismusic.ch\/en\/wp-json\/wp\/v2\/pages"}],"about":[{"href":"https:\/\/www.nomismusic.ch\/en\/wp-json\/wp\/v2\/types\/page"}],"author":[{"embeddable":true,"href":"https:\/\/www.nomismusic.ch\/en\/wp-json\/wp\/v2\/users\/1"}],"replies":[{"embeddable":true,"href":"https:\/\/www.nomismusic.ch\/en\/wp-json\/wp\/v2\/comments?post=576"}],"version-history":[{"count":2,"href":"https:\/\/www.nomismusic.ch\/en\/wp-json\/wp\/v2\/pages\/576\/revisions"}],"predecessor-version":[{"id":636,"href":"https:\/\/www.nomismusic.ch\/en\/wp-json\/wp\/v2\/pages\/576\/revisions\/636"}],"wp:attachment":[{"href":"https:\/\/www.nomismusic.ch\/en\/wp-json\/wp\/v2\/media?parent=576"}],"curies":[{"name":"wp","href":"https:\/\/api.w.org\/{rel}","templated":true}]}}