{"id":574,"date":"2018-05-12T19:41:02","date_gmt":"2018-05-12T17:41:02","guid":{"rendered":"https:\/\/www.nomismusic.ch\/beratung\/"},"modified":"2023-11-07T17:05:33","modified_gmt":"2023-11-07T16:05:33","slug":"consulting","status":"publish","type":"page","link":"https:\/\/www.nomismusic.ch\/en\/consulting\/","title":{"rendered":"Consultation for Buying or Renting a Piano or Grand Piano"},"content":{"rendered":"<p>I&#8217;m happy to assist you if you&#8217;re considering purchasing or renting a piano or grand piano. My consultation services are free of charge. I collaborate with two businesses in Basel and can recommend their piano tuners as well:<\/p>\n<ul>\n<li><a href=\"http:\/\/www.musikhug.ch\/basel\" target=\"_blank\" rel=\"noopener noreferrer\">Musik Hug<\/a> Binningerstrasse 152, 4123 Allschwil<\/li>\n<li><a href=\"http:\/\/www.stofflermusik.ch\" target=\"_blank\" rel=\"noopener noreferrer\">Stoffler Musik<\/a> Theaterstrasse 7, 4051 Basel<\/li>\n<\/ul>\n","protected":false},"excerpt":{"rendered":"<p>I&#8217;m happy to assist you if you&#8217;re considering purchasing or renting a piano or grand piano. My consultation services are free of charge. I collaborate with two businesses in Basel and can recommend their piano tuners as well: Musik Hug Binningerstrasse 152, 4123 Allschwil Stoffler Musik Theaterstrasse 7, 4051 Basel<\/p>\n","protected":false},"author":1,"featured_media":0,"parent":0,"menu_order":4,"comment_status":"closed","ping_status":"closed","template":"","meta":{"_acf_changed":false,"footnotes":""},"class_list":["post-574","page","type-page","status-publish","hentry"],"acf":[],"yoast_head":"<!-- This site is optimized with the Yoast SEO plugin v27.4 - https:\/\/yoast.com\/product\/yoast-seo-wordpress\/ -->\n<title>Beratung beim Kauf oder Miete eines Klaviers oder Fl\u00fcgels | nomis music<\/title>\n<meta name=\"description\" content=\"Gerne unterst\u00fctze und berate ich Sie beim Kauf oder der Miete IhresKlaviers oder Fl\u00fcgels. Die gesamte Beratung ist kostenlos.\" \/>\n<meta name=\"robots\" content=\"index, follow, max-snippet:-1, max-image-preview:large, max-video-preview:-1\" \/>\n<link rel=\"canonical\" href=\"https:\/\/www.nomismusic.ch\/en\/consulting\/\" \/>\n<meta property=\"og:locale\" content=\"en_US\" \/>\n<meta property=\"og:type\" content=\"article\" \/>\n<meta property=\"og:title\" content=\"Beratung beim Kauf oder Miete eines Klaviers oder Fl\u00fcgels | nomis music\" \/>\n<meta property=\"og:description\" content=\"Gerne unterst\u00fctze und berate ich Sie beim Kauf oder der Miete IhresKlaviers oder Fl\u00fcgels. Die gesamte Beratung ist kostenlos.\" \/>\n<meta property=\"og:url\" content=\"https:\/\/www.nomismusic.ch\/en\/consulting\/\" \/>\n<meta property=\"og:site_name\" content=\"nomis music\" \/>\n<meta property=\"article:modified_time\" content=\"2023-11-07T16:05:33+00:00\" \/>\n<meta name=\"twitter:card\" content=\"summary_large_image\" \/>\n<meta name=\"twitter:label1\" content=\"Est. reading time\" \/>\n\t<meta name=\"twitter:data1\" content=\"1 minute\" \/>\n<script type=\"application\/ld+json\" class=\"yoast-schema-graph\">{\"@context\":\"https:\\\/\\\/schema.org\",\"@graph\":[{\"@type\":\"WebPage\",\"@id\":\"https:\\\/\\\/www.nomismusic.ch\\\/en\\\/consulting\\\/\",\"url\":\"https:\\\/\\\/www.nomismusic.ch\\\/en\\\/consulting\\\/\",\"name\":\"Beratung beim Kauf oder Miete eines Klaviers oder Fl\u00fcgels | nomis music\",\"isPartOf\":{\"@id\":\"https:\\\/\\\/www.nomismusic.ch\\\/en\\\/#website\"},\"datePublished\":\"2018-05-12T17:41:02+00:00\",\"dateModified\":\"2023-11-07T16:05:33+00:00\",\"description\":\"Gerne unterst\u00fctze und berate ich Sie beim Kauf oder der Miete IhresKlaviers oder Fl\u00fcgels. Die gesamte Beratung ist kostenlos.\",\"breadcrumb\":{\"@id\":\"https:\\\/\\\/www.nomismusic.ch\\\/en\\\/consulting\\\/#breadcrumb\"},\"inLanguage\":\"en-US\",\"potentialAction\":[{\"@type\":\"ReadAction\",\"target\":[\"https:\\\/\\\/www.nomismusic.ch\\\/en\\\/consulting\\\/\"]}]},{\"@type\":\"BreadcrumbList\",\"@id\":\"https:\\\/\\\/www.nomismusic.ch\\\/en\\\/consulting\\\/#breadcrumb\",\"itemListElement\":[{\"@type\":\"ListItem\",\"position\":1,\"name\":\"Startseite\",\"item\":\"https:\\\/\\\/www.nomismusic.ch\\\/en\\\/\"},{\"@type\":\"ListItem\",\"position\":2,\"name\":\"Consultation for Buying or Renting a Piano or Grand Piano\"}]},{\"@type\":\"WebSite\",\"@id\":\"https:\\\/\\\/www.nomismusic.ch\\\/en\\\/#website\",\"url\":\"https:\\\/\\\/www.nomismusic.ch\\\/en\\\/\",\"name\":\"nomis music\",\"description\":\"Simon Bischof Basel\",\"potentialAction\":[{\"@type\":\"SearchAction\",\"target\":{\"@type\":\"EntryPoint\",\"urlTemplate\":\"https:\\\/\\\/www.nomismusic.ch\\\/en\\\/?s={search_term_string}\"},\"query-input\":{\"@type\":\"PropertyValueSpecification\",\"valueRequired\":true,\"valueName\":\"search_term_string\"}}],\"inLanguage\":\"en-US\"}]}<\/script>\n<!-- \/ Yoast SEO plugin. -->","yoast_head_json":{"title":"Beratung beim Kauf oder Miete eines Klaviers oder Fl\u00fcgels | nomis music","description":"Gerne unterst\u00fctze und berate ich Sie beim Kauf oder der Miete IhresKlaviers oder Fl\u00fcgels. Die gesamte Beratung ist kostenlos.","robots":{"index":"index","follow":"follow","max-snippet":"max-snippet:-1","max-image-preview":"max-image-preview:large","max-video-preview":"max-video-preview:-1"},"canonical":"https:\/\/www.nomismusic.ch\/en\/consulting\/","og_locale":"en_US","og_type":"article","og_title":"Beratung beim Kauf oder Miete eines Klaviers oder Fl\u00fcgels | nomis music","og_description":"Gerne unterst\u00fctze und berate ich Sie beim Kauf oder der Miete IhresKlaviers oder Fl\u00fcgels. Die gesamte Beratung ist kostenlos.","og_url":"https:\/\/www.nomismusic.ch\/en\/consulting\/","og_site_name":"nomis music","article_modified_time":"2023-11-07T16:05:33+00:00","twitter_card":"summary_large_image","twitter_misc":{"Est. reading time":"1 minute"},"schema":{"@context":"https:\/\/schema.org","@graph":[{"@type":"WebPage","@id":"https:\/\/www.nomismusic.ch\/en\/consulting\/","url":"https:\/\/www.nomismusic.ch\/en\/consulting\/","name":"Beratung beim Kauf oder Miete eines Klaviers oder Fl\u00fcgels | nomis music","isPartOf":{"@id":"https:\/\/www.nomismusic.ch\/en\/#website"},"datePublished":"2018-05-12T17:41:02+00:00","dateModified":"2023-11-07T16:05:33+00:00","description":"Gerne unterst\u00fctze und berate ich Sie beim Kauf oder der Miete IhresKlaviers oder Fl\u00fcgels. Die gesamte Beratung ist kostenlos.","breadcrumb":{"@id":"https:\/\/www.nomismusic.ch\/en\/consulting\/#breadcrumb"},"inLanguage":"en-US","potentialAction":[{"@type":"ReadAction","target":["https:\/\/www.nomismusic.ch\/en\/consulting\/"]}]},{"@type":"BreadcrumbList","@id":"https:\/\/www.nomismusic.ch\/en\/consulting\/#breadcrumb","itemListElement":[{"@type":"ListItem","position":1,"name":"Startseite","item":"https:\/\/www.nomismusic.ch\/en\/"},{"@type":"ListItem","position":2,"name":"Consultation for Buying or Renting a Piano or Grand Piano"}]},{"@type":"WebSite","@id":"https:\/\/www.nomismusic.ch\/en\/#website","url":"https:\/\/www.nomismusic.ch\/en\/","name":"nomis music","description":"Simon Bischof Basel","potentialAction":[{"@type":"SearchAction","target":{"@type":"EntryPoint","urlTemplate":"https:\/\/www.nomismusic.ch\/en\/?s={search_term_string}"},"query-input":{"@type":"PropertyValueSpecification","valueRequired":true,"valueName":"search_term_string"}}],"inLanguage":"en-US"}]}},"_links":{"self":[{"href":"https:\/\/www.nomismusic.ch\/en\/wp-json\/wp\/v2\/pages\/574","targetHints":{"allow":["GET"]}}],"collection":[{"href":"https:\/\/www.nomismusic.ch\/en\/wp-json\/wp\/v2\/pages"}],"about":[{"href":"https:\/\/www.nomismusic.ch\/en\/wp-json\/wp\/v2\/types\/page"}],"author":[{"embeddable":true,"href":"https:\/\/www.nomismusic.ch\/en\/wp-json\/wp\/v2\/users\/1"}],"replies":[{"embeddable":true,"href":"https:\/\/www.nomismusic.ch\/en\/wp-json\/wp\/v2\/comments?post=574"}],"version-history":[{"count":1,"href":"https:\/\/www.nomismusic.ch\/en\/wp-json\/wp\/v2\/pages\/574\/revisions"}],"predecessor-version":[{"id":639,"href":"https:\/\/www.nomismusic.ch\/en\/wp-json\/wp\/v2\/pages\/574\/revisions\/639"}],"wp:attachment":[{"href":"https:\/\/www.nomismusic.ch\/en\/wp-json\/wp\/v2\/media?parent=574"}],"curies":[{"name":"wp","href":"https:\/\/api.w.org\/{rel}","templated":true}]}}